{"id":1121,"date":"2022-12-07T09:22:17","date_gmt":"2022-12-07T12:22:17","guid":{"rendered":"https:\/\/azure-eagle-853037.hostingersite.com\/?page_id=1121"},"modified":"2022-12-07T17:40:54","modified_gmt":"2022-12-07T20:40:54","slug":"reserva-tu-experiencia","status":"publish","type":"page","link":"https:\/\/soulsenses.net\/en\/reserva-tu-experiencia\/","title":{"rendered":"Reserva tu experiencia"},"content":{"rendered":"\t\t<div data-elementor-type=\"wp-page\" data-elementor-id=\"1121\" class=\"elementor elementor-1121\" data-elementor-post-type=\"page\">\n\t\t\t\t\t\t<section class=\"elementor-section elementor-top-section elementor-element elementor-element-d3bada4 elementor-section-boxed elementor-section-height-default elementor-section-height-default\" data-id=\"d3bada4\" data-element_type=\"section\" data-e-type=\"section\">\n\t\t\t\t\t\t<div class=\"elementor-container elementor-column-gap-default\">\n\t\t\t\t\t<div class=\"elementor-column elementor-col-50 elementor-top-column elementor-element elementor-element-c645aa1\" data-id=\"c645aa1\" data-element_type=\"column\" data-e-type=\"column\">\n\t\t\t<div class=\"elementor-widget-wrap elementor-element-populated\">\n\t\t\t\t\t\t<div class=\"elementor-element elementor-element-37454da elementor-widget elementor-widget-image\" data-id=\"37454da\" data-element_type=\"widget\" data-e-type=\"widget\" data-widget_type=\"image.default\">\n\t\t\t\t<div class=\"elementor-widget-container\">\n\t\t\t\t\t\t\t\t\t\t\t\t\t\t\t<img fetchpriority=\"high\" decoding=\"async\" width=\"703\" height=\"814\" src=\"https:\/\/soulsenses.net\/wp-content\/uploads\/2022\/12\/corazon.jpg\" class=\"attachment-large size-large wp-image-1314\" alt=\"\" srcset=\"https:\/\/soulsenses.net\/wp-content\/uploads\/2022\/12\/corazon.jpg 703w, https:\/\/soulsenses.net\/wp-content\/uploads\/2022\/12\/corazon-259x300.jpg 259w, https:\/\/soulsenses.net\/wp-content\/uploads\/2022\/12\/corazon-600x695.jpg 600w\" sizes=\"(max-width: 703px) 100vw, 703px\" \/>\t\t\t\t\t\t\t\t\t\t\t\t\t\t\t<\/div>\n\t\t\t\t<\/div>\n\t\t\t\t\t<\/div>\n\t\t<\/div>\n\t\t\t\t<div class=\"elementor-column elementor-col-50 elementor-top-column elementor-element elementor-element-1068569\" data-id=\"1068569\" data-element_type=\"column\" data-e-type=\"column\">\n\t\t\t<div class=\"elementor-widget-wrap elementor-element-populated\">\n\t\t\t\t\t\t<div class=\"elementor-element elementor-element-d8f9479 elementor-widget elementor-widget-heading\" data-id=\"d8f9479\" data-element_type=\"widget\" data-e-type=\"widget\" data-widget_type=\"heading.default\">\n\t\t\t\t<div class=\"elementor-widget-container\">\n\t\t\t\t\t<h2 class=\"elementor-heading-title elementor-size-default\">RESERVA TU EXPERIENCIA<\/h2>\t\t\t\t<\/div>\n\t\t\t\t<\/div>\n\t\t\t\t<div class=\"elementor-element elementor-element-e94f0c4 elementor-widget elementor-widget-text-editor\" data-id=\"e94f0c4\" data-element_type=\"widget\" data-e-type=\"widget\" data-widget_type=\"text-editor.default\">\n\t\t\t\t<div class=\"elementor-widget-container\">\n\t\t\t\t\t\t\t\t\t<div>Somos un grupo de personas que creemos que podemos ayudar a hacer vibrar esa fibra interior de cada uno.<\/div><div>\u00a0<\/div><div>Creamos experiencias que nos movilicen, nos enriquezcan, nos sorprendan para ser mejores a cada instante.<\/div><div>\u00a0<\/div><div>Y lo hacemos porque tenemos la firme convicci\u00f3n que podemos cambiar algunas peque\u00f1as cosas cada d\u00eda a trav\u00e9s del arte\u2026<\/div><div class=\"adL\"><div class=\"im\"><div>\u00a0<\/div><div>\u00a0 \u00a0 \u00a0 \u00a0 Soul Senses\u2026<\/div><div>\u00a0<\/div><div dir=\"auto\"><strong>Humanizar los sentidos<br \/><\/strong><strong>Sensibilizar el alma<\/strong><\/div><\/div><\/div>\t\t\t\t\t\t\t\t<\/div>\n\t\t\t\t<\/div>\n\t\t\t\t\t<\/div>\n\t\t<\/div>\n\t\t\t\t\t<\/div>\n\t\t<\/section>\n\t\t\t\t<section class=\"elementor-section elementor-top-section elementor-element elementor-element-ce0ec68 elementor-section-boxed elementor-section-height-default elementor-section-height-default\" data-id=\"ce0ec68\" data-element_type=\"section\" data-e-type=\"section\">\n\t\t\t\t\t\t<div class=\"elementor-container elementor-column-gap-default\">\n\t\t\t\t\t<div class=\"elementor-column elementor-col-100 elementor-top-column elementor-element elementor-element-24f2b61\" data-id=\"24f2b61\" data-element_type=\"column\" data-e-type=\"column\">\n\t\t\t<div class=\"elementor-widget-wrap elementor-element-populated\">\n\t\t\t\t\t\t<div class=\"elementor-element elementor-element-e45ff8d elementor-widget elementor-widget-shortcode\" data-id=\"e45ff8d\" data-element_type=\"widget\" data-e-type=\"widget\" data-widget_type=\"shortcode.default\">\n\t\t\t\t<div class=\"elementor-widget-container\">\n\t\t\t\t\t\t\t<div class=\"elementor-shortcode\">\n<script>\n  if (typeof hasAmeliaAppointment === 'undefined') {\n    var hasAmeliaAppointment = true;\n  }\n  if (typeof hasAppointmentApiCall === 'undefined' && '' === '') {\n    var hasAppointmentApiCall = true;\n  }\n  var bookingEntitiesIds = (typeof bookingEntitiesIds === 'undefined') ? [] : bookingEntitiesIds;\n  bookingEntitiesIds.push(\n    {\n      'hasApiCall': (typeof hasAppointmentApiCall !== 'undefined') && hasAppointmentApiCall,\n      'trigger': '',\n      'show': '',\n      'counter': '0',\n      'employee': '',\n      'location': ''\n    }\n  );\n  var lazyBookingEntitiesIds = (typeof lazyBookingEntitiesIds === 'undefined') ? [] : lazyBookingEntitiesIds;\n  if (bookingEntitiesIds[bookingEntitiesIds.length - 1].trigger !== '') {\n    lazyBookingEntitiesIds.push(bookingEntitiesIds.pop());\n  }\n  if (typeof hasAppointmentApiCall !== 'undefined' && hasAppointmentApiCall) {\n    hasAppointmentApiCall = false;\n  }\n<\/script>\n\n<div id=\"amelia-app-booking0\" class=\"amelia-service amelia-frontend amelia-app-booking\">\n  <catalog><\/catalog>\n<\/div>\n<\/div>\n\t\t\t\t\t\t<\/div>\n\t\t\t\t<\/div>\n\t\t\t\t\t<\/div>\n\t\t<\/div>\n\t\t\t\t\t<\/div>\n\t\t<\/section>\n\t\t\t\t<\/div>\n\t\t","protected":false},"excerpt":{"rendered":"<p>RESERVA TU EXPERIENCIA Somos un grupo de personas que creemos que podemos ayudar a hacer vibrar esa fibra interior de cada uno.\u00a0Creamos experiencias que nos movilicen, nos enriquezcan, nos sorprendan para ser mejores a cada instante.\u00a0Y lo hacemos porque tenemos la firme convicci\u00f3n que podemos cambiar algunas peque\u00f1as cosas cada d\u00eda a trav\u00e9s del arte\u2026\u00a0\u00a0 [&hellip;]<\/p>\n","protected":false},"author":4,"featured_media":0,"parent":0,"menu_order":0,"comment_status":"closed","ping_status":"closed","template":"","meta":{"_joinchat":[],"footnotes":""},"class_list":["post-1121","page","type-page","status-publish","hentry"],"_links":{"self":[{"href":"https:\/\/soulsenses.net\/en\/wp-json\/wp\/v2\/pages\/1121","targetHints":{"allow":["GET"]}}],"collection":[{"href":"https:\/\/soulsenses.net\/en\/wp-json\/wp\/v2\/pages"}],"about":[{"href":"https:\/\/soulsenses.net\/en\/wp-json\/wp\/v2\/types\/page"}],"author":[{"embeddable":true,"href":"https:\/\/soulsenses.net\/en\/wp-json\/wp\/v2\/users\/4"}],"replies":[{"embeddable":true,"href":"https:\/\/soulsenses.net\/en\/wp-json\/wp\/v2\/comments?post=1121"}],"version-history":[{"count":28,"href":"https:\/\/soulsenses.net\/en\/wp-json\/wp\/v2\/pages\/1121\/revisions"}],"predecessor-version":[{"id":1329,"href":"https:\/\/soulsenses.net\/en\/wp-json\/wp\/v2\/pages\/1121\/revisions\/1329"}],"wp:attachment":[{"href":"https:\/\/soulsenses.net\/en\/wp-json\/wp\/v2\/media?parent=1121"}],"curies":[{"name":"wp","href":"https:\/\/api.w.org\/{rel}","templated":true}]}}