{"id":557,"date":"2022-12-05T20:40:24","date_gmt":"2022-12-05T23:40:24","guid":{"rendered":"https:\/\/azure-eagle-853037.hostingersite.com\/?page_id=557"},"modified":"2022-12-07T10:01:31","modified_gmt":"2022-12-07T13:01:31","slug":"nosotros","status":"publish","type":"page","link":"https:\/\/soulsenses.net\/en\/nosotros\/","title":{"rendered":"About Us"},"content":{"rendered":"<div data-elementor-type=\"wp-page\" data-elementor-id=\"557\" class=\"elementor elementor-557\" data-elementor-post-type=\"page\">\n\t\t\t\t\t\t<section class=\"elementor-section elementor-top-section elementor-element elementor-element-2e42529 elementor-section-boxed elementor-section-height-default elementor-section-height-default\" data-id=\"2e42529\" data-element_type=\"section\" data-e-type=\"section\">\n\t\t\t\t\t\t<div class=\"elementor-container elementor-column-gap-default\">\n\t\t\t\t\t<div class=\"elementor-column elementor-col-100 elementor-top-column elementor-element elementor-element-ac807c5\" data-id=\"ac807c5\" data-element_type=\"column\" data-e-type=\"column\">\n\t\t\t<div class=\"elementor-widget-wrap elementor-element-populated\">\n\t\t\t\t\t\t<div class=\"elementor-element elementor-element-11350e7 elementor-widget elementor-widget-heading\" data-id=\"11350e7\" data-element_type=\"widget\" data-e-type=\"widget\" data-widget_type=\"heading.default\">\n\t\t\t\t<div class=\"elementor-widget-container\">\n\t\t\t\t\t<h2 class=\"elementor-heading-title elementor-size-default\">ABOUT US<\/h2>\t\t\t\t<\/div>\n\t\t\t\t<\/div>\n\t\t\t\t\t<\/div>\n\t\t<\/div>\n\t\t\t\t\t<\/div>\n\t\t<\/section>\n\t\t\t\t<section class=\"elementor-section elementor-top-section elementor-element elementor-element-e57d451 elementor-section-boxed elementor-section-height-default elementor-section-height-default\" data-id=\"e57d451\" data-element_type=\"section\" data-e-type=\"section\">\n\t\t\t\t\t\t<div class=\"elementor-container elementor-column-gap-default\">\n\t\t\t\t\t<div class=\"elementor-column elementor-col-50 elementor-top-column elementor-element elementor-element-f71d1c0\" data-id=\"f71d1c0\" data-element_type=\"column\" data-e-type=\"column\">\n\t\t\t<div class=\"elementor-widget-wrap elementor-element-populated\">\n\t\t\t\t\t\t<div class=\"elementor-element elementor-element-d75ce03 elementor-invisible elementor-widget elementor-widget-image\" data-id=\"d75ce03\" data-element_type=\"widget\" data-e-type=\"widget\" data-settings=\"{&quot;_animation&quot;:&quot;fadeIn&quot;}\" data-widget_type=\"image.default\">\n\t\t\t\t<div class=\"elementor-widget-container\">\n\t\t\t\t\t\t\t\t\t\t\t\t\t\t\t<img fetchpriority=\"high\" decoding=\"async\" width=\"800\" height=\"800\" src=\"https:\/\/soulsenses.net\/wp-content\/uploads\/2022\/12\/HeartSS_MT-1-1024x1024-1-1024x1024.jpg\" class=\"attachment-large size-large wp-image-1192\" alt=\"\" srcset=\"https:\/\/soulsenses.net\/wp-content\/uploads\/2022\/12\/HeartSS_MT-1-1024x1024-1.jpg 1024w, https:\/\/soulsenses.net\/wp-content\/uploads\/2022\/12\/HeartSS_MT-1-1024x1024-1-300x300.jpg 300w, https:\/\/soulsenses.net\/wp-content\/uploads\/2022\/12\/HeartSS_MT-1-1024x1024-1-150x150.jpg 150w, https:\/\/soulsenses.net\/wp-content\/uploads\/2022\/12\/HeartSS_MT-1-1024x1024-1-768x768.jpg 768w, https:\/\/soulsenses.net\/wp-content\/uploads\/2022\/12\/HeartSS_MT-1-1024x1024-1-700x700.jpg 700w, https:\/\/soulsenses.net\/wp-content\/uploads\/2022\/12\/HeartSS_MT-1-1024x1024-1-600x600.jpg 600w, https:\/\/soulsenses.net\/wp-content\/uploads\/2022\/12\/HeartSS_MT-1-1024x1024-1-100x100.jpg 100w\" sizes=\"(max-width: 800px) 100vw, 800px\" \/>\t\t\t\t\t\t\t\t\t\t\t\t\t\t\t<\/div>\n\t\t\t\t<\/div>\n\t\t\t\t\t<\/div>\n\t\t<\/div>\n\t\t\t\t<div class=\"elementor-column elementor-col-50 elementor-top-column elementor-element elementor-element-50040d8\" data-id=\"50040d8\" data-element_type=\"column\" data-e-type=\"column\">\n\t\t\t<div class=\"elementor-widget-wrap elementor-element-populated\">\n\t\t\t\t\t\t<div class=\"elementor-element elementor-element-3f45787 elementor-widget elementor-widget-text-editor\" data-id=\"3f45787\" data-element_type=\"widget\" data-e-type=\"widget\" data-widget_type=\"text-editor.default\">\n\t\t\t\t<div class=\"elementor-widget-container\">\n\t\t\t\t\t\t\t\t\t<div>We are a group of people who share the belief that we can help ignite that spark we all have inside.<\/div><div>\u00a0<\/div><div>We create experiences that mobilize our senses, nurture and surprise us to be better and better day after day.<\/div><div>\u00a0<\/div><div>And we believe that we can contribute some small changes every day through art\u2026<\/div><div class=\"yj6qo ajU\"><div id=\":zr\" class=\"ajR\" tabindex=\"0\" role=\"button\" aria-label=\"Ocultar contenido ampliado\" aria-expanded=\"true\" data-tooltip=\"Ocultar contenido ampliado\"><img decoding=\"async\" class=\"ajT lazyloaded\" src=\"https:\/\/ssl.gstatic.com\/ui\/v1\/icons\/mail\/images\/cleardot.gif\" data-src=\"https:\/\/ssl.gstatic.com\/ui\/v1\/icons\/mail\/images\/cleardot.gif\" \/><\/div><\/div><div class=\"adL\"><div class=\"adm\">\u00a0 \u00a0 \u00a0 \u00a0 Soul Senses\u2026<\/div><div class=\"im\"><div dir=\"auto\"><strong>Humanize the senses<br \/><\/strong><strong>sensitize the soul<\/strong><\/div><\/div><\/div>\t\t\t\t\t\t\t\t<\/div>\n\t\t\t\t<\/div>\n\t\t\t\t\t<\/div>\n\t\t<\/div>\n\t\t\t\t\t<\/div>\n\t\t<\/section>\n\t\t\t\t<\/div>","protected":false},"excerpt":{"rendered":"<p>NOSOTROS Somos un grupo de personas que creemos que podemos ayudar a hacer vibrar esa fibra interior de cada uno.\u00a0Creamos experiencias que nos movilicen, nos enriquezcan, nos sorprendan para ser mejores a cada instante.\u00a0Y lo hacemos porque tenemos la firme convicci\u00f3n que podemos cambiar algunas peque\u00f1as cosas cada d\u00eda a trav\u00e9s del arte\u2026\u00a0 \u00a0 \u00a0 [&hellip;]<\/p>\n","protected":false},"author":4,"featured_media":0,"parent":0,"menu_order":0,"comment_status":"closed","ping_status":"closed","template":"","meta":{"_joinchat":[],"footnotes":""},"class_list":["post-557","page","type-page","status-publish","hentry"],"_links":{"self":[{"href":"https:\/\/soulsenses.net\/en\/wp-json\/wp\/v2\/pages\/557","targetHints":{"allow":["GET"]}}],"collection":[{"href":"https:\/\/soulsenses.net\/en\/wp-json\/wp\/v2\/pages"}],"about":[{"href":"https:\/\/soulsenses.net\/en\/wp-json\/wp\/v2\/types\/page"}],"author":[{"embeddable":true,"href":"https:\/\/soulsenses.net\/en\/wp-json\/wp\/v2\/users\/4"}],"replies":[{"embeddable":true,"href":"https:\/\/soulsenses.net\/en\/wp-json\/wp\/v2\/comments?post=557"}],"version-history":[{"count":7,"href":"https:\/\/soulsenses.net\/en\/wp-json\/wp\/v2\/pages\/557\/revisions"}],"predecessor-version":[{"id":1198,"href":"https:\/\/soulsenses.net\/en\/wp-json\/wp\/v2\/pages\/557\/revisions\/1198"}],"wp:attachment":[{"href":"https:\/\/soulsenses.net\/en\/wp-json\/wp\/v2\/media?parent=557"}],"curies":[{"name":"wp","href":"https:\/\/api.w.org\/{rel}","templated":true}]}}