{"id":1255,"date":"2022-12-07T15:54:48","date_gmt":"2022-12-07T18:54:48","guid":{"rendered":"https:\/\/azure-eagle-853037.hostingersite.com\/?post_type=product&#038;p=1255"},"modified":"2023-04-23T11:45:25","modified_gmt":"2023-04-23T14:45:25","slug":"becoming-a-master","status":"publish","type":"product","link":"https:\/\/soulsenses.net\/en\/product\/becoming-a-master\/","title":{"rendered":"Becoming a Master"},"content":{"rendered":"<ul>\n<li>Author's Note: This book symbolizes that stage of my career where I began to express all my knowledge and my feelings through works of contemporary art. It is a beautiful edition by Victoria and Eugenia from India Ediciones, with the beautiful text by Maria Paula Zacharias.<\/li>\n<\/ul>\n<p>&nbsp;<\/p>\n<ul>\n<li class=\"translation-block\"><strong>TITLE<\/strong>: Becoming a Master<\/li>\n<li class=\"translation-block\"><strong>EDITORIAL<\/strong>: Study India<\/li>\n<li><strong>YEAR OF PUBLICATION<\/strong>: 2015<\/li>\n<li><b>NUMBER OF PAGES<\/b>: 88<\/li>\n<li class=\"translation-block\"><strong>LANGUAGE<\/strong>: Spanish and English (both in the same book)<\/li>\n<li><strong>MEASURES<\/strong>:\n<ul>\n<li>Length: 21cm<\/li>\n<li>Height: 23cm<\/li>\n<\/ul>\n<\/li>\n<\/ul>","protected":false},"excerpt":{"rendered":"<p>Nota del Autor:\u00a0Este libro simboliza esa etapa de mi carrera donde comenc\u00e9 \u00a0a plasmar todo mi saber y mi sentir a trav\u00e9s de obras de arte contempor\u00e1neo. Es una hermosa edici\u00f3n de parte de Victoria y Eugenia de India Ediciones, con el hermoso texto de Maria Paula Zacharias. &nbsp; T\u00cdTULO: Becoming a Master EDITORIAL: Estudio [&hellip;]<\/p>\n","protected":false},"featured_media":1256,"comment_status":"open","ping_status":"closed","template":"","meta":{"_joinchat":[]},"product_brand":[],"product_cat":[104],"product_tag":[],"class_list":{"0":"post-1255","1":"product","2":"type-product","3":"status-publish","4":"has-post-thumbnail","6":"product_cat-libro","8":"first","9":"instock","10":"taxable","11":"shipping-taxable","12":"purchasable","13":"product-type-simple"},"_links":{"self":[{"href":"https:\/\/soulsenses.net\/en\/wp-json\/wp\/v2\/product\/1255","targetHints":{"allow":["GET"]}}],"collection":[{"href":"https:\/\/soulsenses.net\/en\/wp-json\/wp\/v2\/product"}],"about":[{"href":"https:\/\/soulsenses.net\/en\/wp-json\/wp\/v2\/types\/product"}],"replies":[{"embeddable":true,"href":"https:\/\/soulsenses.net\/en\/wp-json\/wp\/v2\/comments?post=1255"}],"wp:featuredmedia":[{"embeddable":true,"href":"https:\/\/soulsenses.net\/en\/wp-json\/wp\/v2\/media\/1256"}],"wp:attachment":[{"href":"https:\/\/soulsenses.net\/en\/wp-json\/wp\/v2\/media?parent=1255"}],"wp:term":[{"taxonomy":"product_brand","embeddable":true,"href":"https:\/\/soulsenses.net\/en\/wp-json\/wp\/v2\/product_brand?post=1255"},{"taxonomy":"product_cat","embeddable":true,"href":"https:\/\/soulsenses.net\/en\/wp-json\/wp\/v2\/product_cat?post=1255"},{"taxonomy":"product_tag","embeddable":true,"href":"https:\/\/soulsenses.net\/en\/wp-json\/wp\/v2\/product_tag?post=1255"}],"curies":[{"name":"wp","href":"https:\/\/api.w.org\/{rel}","templated":true}]}}