{"id":1260,"date":"2022-12-07T15:56:52","date_gmt":"2022-12-07T18:56:52","guid":{"rendered":"https:\/\/azure-eagle-853037.hostingersite.com\/?post_type=product&#038;p=1260"},"modified":"2023-04-23T11:45:05","modified_gmt":"2023-04-23T14:45:05","slug":"dresstyle-the-art-issue","status":"publish","type":"product","link":"https:\/\/soulsenses.net\/en\/product\/dresstyle-the-art-issue\/","title":{"rendered":"Dresstyle, The Art Issue"},"content":{"rendered":"<ul>\n<li>Author's Note: A contemporary compendium of the works of recent years. A look, fresh, current and totally Pop from the hand of Yanina Piccolo, its editor.<\/li>\n<\/ul>\n<p>&nbsp;<\/p>\n<ul>\n<li class=\"translation-block\"><strong>TITLE<\/strong>: Dressstyle, The Arte Issue<\/li>\n<li><strong>EDITORIAL<\/strong>: DresStyle Mag.<\/li>\n<li><strong>YEAR OF PUBLICATION<\/strong>: 2021<\/li>\n<li><b>NUMBER OF PAGES<\/b>: 120<\/li>\n<li class=\"translation-block\"><strong>LANGUAGE<\/strong>: Spanish<\/li>\n<li><strong>MEASURES<\/strong>:\n<ul>\n<li>Length: 15cm<\/li>\n<li>Height: 20cm<\/li>\n<\/ul>\n<\/li>\n<\/ul>","protected":false},"excerpt":{"rendered":"<p>Nota del Autor:\u00a0Un compendio contempor\u00e1neo de las obras de los \u00faltimos anos. Una mirada, fresca, actual y totalmente Pop de la mano de Yanina Piccolo su editora. &nbsp; T\u00cdTULO: Dresstyle, The Arte Issue EDITORIAL: DresStyle Mag. A\u00d1O DE PUBLICACI\u00d3N: 2021 CANTIDAD DE P\u00c1GINAS: 120 IDIOMA: Epa\u00f1ol MEDIDAS: Largo: 15 cm Alto: 20 cm<\/p>","protected":false},"featured_media":1261,"comment_status":"open","ping_status":"closed","template":"","meta":{"_joinchat":[]},"product_brand":[],"product_cat":[104],"product_tag":[],"class_list":{"0":"post-1260","1":"product","2":"type-product","3":"status-publish","4":"has-post-thumbnail","6":"product_cat-libro","8":"first","9":"instock","10":"taxable","11":"shipping-taxable","12":"purchasable","13":"product-type-simple"},"_links":{"self":[{"href":"https:\/\/soulsenses.net\/en\/wp-json\/wp\/v2\/product\/1260","targetHints":{"allow":["GET"]}}],"collection":[{"href":"https:\/\/soulsenses.net\/en\/wp-json\/wp\/v2\/product"}],"about":[{"href":"https:\/\/soulsenses.net\/en\/wp-json\/wp\/v2\/types\/product"}],"replies":[{"embeddable":true,"href":"https:\/\/soulsenses.net\/en\/wp-json\/wp\/v2\/comments?post=1260"}],"wp:featuredmedia":[{"embeddable":true,"href":"https:\/\/soulsenses.net\/en\/wp-json\/wp\/v2\/media\/1261"}],"wp:attachment":[{"href":"https:\/\/soulsenses.net\/en\/wp-json\/wp\/v2\/media?parent=1260"}],"wp:term":[{"taxonomy":"product_brand","embeddable":true,"href":"https:\/\/soulsenses.net\/en\/wp-json\/wp\/v2\/product_brand?post=1260"},{"taxonomy":"product_cat","embeddable":true,"href":"https:\/\/soulsenses.net\/en\/wp-json\/wp\/v2\/product_cat?post=1260"},{"taxonomy":"product_tag","embeddable":true,"href":"https:\/\/soulsenses.net\/en\/wp-json\/wp\/v2\/product_tag?post=1260"}],"curies":[{"name":"wp","href":"https:\/\/api.w.org\/{rel}","templated":true}]}}