{"id":343,"date":"2022-12-05T15:51:55","date_gmt":"2022-12-05T18:51:55","guid":{"rendered":"https:\/\/azure-eagle-853037.hostingersite.com\/?post_type=product&#038;p=343"},"modified":"2023-04-23T11:54:11","modified_gmt":"2023-04-23T14:54:11","slug":"a-imagen-y-semejanza","status":"publish","type":"product","link":"https:\/\/soulsenses.net\/en\/product\/a-imagen-y-semejanza\/","title":{"rendered":"IMAGE AND LIKENESS"},"content":{"rendered":"<ul>\n<li>Author's Note: I always tried to be connected with my childhood, with that boy who dreamed of being an artist one day. And that essence is what I wanted to reflect with this agenda book with 23 illustrations by Facundo Mineldin where both my team and I tell you about our daily activities. It is a work designed so that you too can reflect your dreams and life projects.<\/li>\n<li class=\"translation-block\"><strong>TITLE<\/strong>: In Image and Likeness<\/li>\n<li class=\"translation-block\"><strong>PUBLISHER<\/strong>: SoulSenses Editions<\/li>\n<li><strong>YEAR OF EDITION<\/strong>: 2021<\/li>\n<li><b>NUMBER OF PAGES<\/b>: 120<\/li>\n<li class=\"translation-block\"><strong>LANGUAGE<\/strong>: Spanish<\/li>\n<li>Length: 15cm<\/li>\n<li>Height: 21cm<\/li>\n<\/ul>\n<p>&nbsp;<\/p>","protected":false},"excerpt":{"rendered":"<p>Nota del Autor:\u00a0Siempre trat\u00e9\u00a0de estar conectado con mi infancia, con ese ni\u00f1o que so\u00f1aba con ser artista alg\u00fan d\u00eda. Y esa esencia es lo que quise reflejar con este libro agenda con 23 ilustraciones de Facundo Mineldin donde tanto mi equipo como yo te contamos nuestro hacer diario. Es una obra pensada para que vos [&hellip;]<\/p>\n","protected":false},"featured_media":368,"comment_status":"open","ping_status":"closed","template":"","meta":{"_joinchat":[]},"product_brand":[],"product_cat":[104,15],"product_tag":[],"class_list":{"0":"post-343","1":"product","2":"type-product","3":"status-publish","4":"has-post-thumbnail","6":"product_cat-libro","7":"product_cat-sin-categorizar","9":"first","10":"instock","11":"taxable","12":"shipping-taxable","13":"purchasable","14":"product-type-simple"},"_links":{"self":[{"href":"https:\/\/soulsenses.net\/en\/wp-json\/wp\/v2\/product\/343","targetHints":{"allow":["GET"]}}],"collection":[{"href":"https:\/\/soulsenses.net\/en\/wp-json\/wp\/v2\/product"}],"about":[{"href":"https:\/\/soulsenses.net\/en\/wp-json\/wp\/v2\/types\/product"}],"replies":[{"embeddable":true,"href":"https:\/\/soulsenses.net\/en\/wp-json\/wp\/v2\/comments?post=343"}],"wp:featuredmedia":[{"embeddable":true,"href":"https:\/\/soulsenses.net\/en\/wp-json\/wp\/v2\/media\/368"}],"wp:attachment":[{"href":"https:\/\/soulsenses.net\/en\/wp-json\/wp\/v2\/media?parent=343"}],"wp:term":[{"taxonomy":"product_brand","embeddable":true,"href":"https:\/\/soulsenses.net\/en\/wp-json\/wp\/v2\/product_brand?post=343"},{"taxonomy":"product_cat","embeddable":true,"href":"https:\/\/soulsenses.net\/en\/wp-json\/wp\/v2\/product_cat?post=343"},{"taxonomy":"product_tag","embeddable":true,"href":"https:\/\/soulsenses.net\/en\/wp-json\/wp\/v2\/product_tag?post=343"}],"curies":[{"name":"wp","href":"https:\/\/api.w.org\/{rel}","templated":true}]}}