{"id":352,"date":"2022-12-05T15:51:57","date_gmt":"2022-12-05T18:51:57","guid":{"rendered":"https:\/\/azure-eagle-853037.hostingersite.com\/?post_type=product&#038;p=352"},"modified":"2023-04-23T11:50:04","modified_gmt":"2023-04-23T14:50:04","slug":"fuego","status":"publish","type":"product","link":"https:\/\/soulsenses.net\/en\/product\/fuego\/","title":{"rendered":"Fire"},"content":{"rendered":"<ul>\n<li>Mi oficio siempre estuvo marcado por s\u00edmbolos; podr\u00eda resumir cada etapa a trav\u00e9s de un s\u00edmbolo. Pero el fuego y el agua son los que me acompa\u00f1an desde el primer momento. Quise poder plasmar el fuego en esta escultura en metal.<\/li>\n<\/ul>\n<p>All the pieces are made by hand, so the measurements may vary slightly. All photographs are by way of representation.<\/p>\n<ul>\n<li><strong>MATERIAL<\/strong>: Bronce Pulido<\/li>\n<li><strong>EDITION<\/strong>:\u00a05\u00a0ejemplares<\/li>\n<li><strong>MEASURES<\/strong>:<\/li>\n<li style=\"list-style-type: none\">\n<ul>\n<li>Length: 10cm<\/li>\n<li>Width: 10cm<\/li>\n<li>Alto: 24 cm<\/li>\n<li>Weight: 260g<\/li>\n<\/ul>\n<\/li>\n<\/ul>\n<p>&nbsp;<\/p>","protected":false},"excerpt":{"rendered":"<p>Escultura de bronce pulido &#8211; Fuego<\/p>","protected":false},"featured_media":386,"comment_status":"open","ping_status":"closed","template":"","meta":{"_joinchat":[]},"product_brand":[],"product_cat":[105,107,106],"product_tag":[],"class_list":{"0":"post-352","1":"product","2":"type-product","3":"status-publish","4":"has-post-thumbnail","6":"product_cat-arte-contemporaneo","7":"product_cat-bronce","8":"product_cat-material","10":"first","11":"instock","12":"taxable","13":"shipping-taxable","14":"purchasable","15":"product-type-simple"},"_links":{"self":[{"href":"https:\/\/soulsenses.net\/en\/wp-json\/wp\/v2\/product\/352","targetHints":{"allow":["GET"]}}],"collection":[{"href":"https:\/\/soulsenses.net\/en\/wp-json\/wp\/v2\/product"}],"about":[{"href":"https:\/\/soulsenses.net\/en\/wp-json\/wp\/v2\/types\/product"}],"replies":[{"embeddable":true,"href":"https:\/\/soulsenses.net\/en\/wp-json\/wp\/v2\/comments?post=352"}],"wp:featuredmedia":[{"embeddable":true,"href":"https:\/\/soulsenses.net\/en\/wp-json\/wp\/v2\/media\/386"}],"wp:attachment":[{"href":"https:\/\/soulsenses.net\/en\/wp-json\/wp\/v2\/media?parent=352"}],"wp:term":[{"taxonomy":"product_brand","embeddable":true,"href":"https:\/\/soulsenses.net\/en\/wp-json\/wp\/v2\/product_brand?post=352"},{"taxonomy":"product_cat","embeddable":true,"href":"https:\/\/soulsenses.net\/en\/wp-json\/wp\/v2\/product_cat?post=352"},{"taxonomy":"product_tag","embeddable":true,"href":"https:\/\/soulsenses.net\/en\/wp-json\/wp\/v2\/product_tag?post=352"}],"curies":[{"name":"wp","href":"https:\/\/api.w.org\/{rel}","templated":true}]}}